{"id":4559,"date":"2021-08-13T10:11:00","date_gmt":"2021-08-13T10:11:00","guid":{"rendered":"https:\/\/emajboutiquehotel.e-gdsbookingsuite.com\/?page_id=4559"},"modified":"2025-05-26T11:43:13","modified_gmt":"2025-05-26T11:43:13","slug":"contactos-emaj","status":"publish","type":"page","link":"https:\/\/www.emajboutiquehotel.com\/es\/contactos-emaj\/","title":{"rendered":"Contactos"},"content":{"rendered":"<div id=\"pl-4559\"  class=\"panel-layout\" ><div id=\"pg-4559-0\"  class=\"panel-grid panel-no-style\" ><div id=\"pgc-4559-0-0\"  class=\"panel-grid-cell\" ><div id=\"panel-4559-0-0-0\" class=\"so-panel widget widget_sow-editor panel-first-child panel-last-child\" data-index=\"0\" ><div\n\t\t\t\n\t\t\tclass=\"so-widget-sow-editor so-widget-sow-editor-base\"\n\t\t\t\n\t\t>\n<div class=\"siteorigin-widget-tinymce textwidget\">\n\t<p>Situado en la plaza principal de la ciudad - Largo do Toural, declarado Patrimonio de la Humanidad por la UNESCO, situado en la principal zona comercial, junto al comercio tradicional.<\/p>\n<p>900m andando de la estaci\u00f3n de tren CP, 650m andando de la estaci\u00f3n de autobuses y 35 minutos en coche del aeropuerto Francisco S\u00e1 Carneiro (Oporto).<\/p>\n<\/div>\n<\/div><\/div><\/div><\/div><div id=\"pg-4559-1\"  class=\"panel-grid panel-no-style\" ><div id=\"pgc-4559-1-0\"  class=\"panel-grid-cell\" ><div id=\"panel-4559-1-0-0\" class=\"widget_text so-panel widget widget_custom_html panel-first-child panel-last-child\" data-index=\"1\" ><h3 class=\"widget-title\">Localizaci\u00f3n<\/h3><div class=\"textwidget custom-html-widget\"><iframe src=\"https:\/\/www.google.com\/maps\/embed?pb=!1m18!1m12!1m3!1d2990.86010713042!2d-8.298389685201082!3d41.44225700055593!2m3!1f0!2f0!3f0!3m2!1i1024!2i768!4f13.1!3m3!1m2!1s0xd24efe82b09b76f%3A0x821be9b3a5138b8e!2sEMAJ%20Guimar%C3%A3es%20Boutique%20Hotel!5e0!3m2!1ses-ES!2ses!4v1623410453013!5m2!1ses-ES!2ses\" style=\"width:100%;height:420px;border:0;\" allowfullscreen=\"\"><\/iframe><\/div><\/div><\/div><div id=\"pgc-4559-1-1\"  class=\"panel-grid-cell\" ><div id=\"panel-4559-1-1-0\" class=\"so-panel widget widget_sow-editor panel-first-child panel-last-child\" data-index=\"2\" ><div\n\t\t\t\n\t\t\tclass=\"so-widget-sow-editor so-widget-sow-editor-base\"\n\t\t\t\n\t\t><h3 class=\"widget-title\">Contactos<\/h3>\n<div class=\"siteorigin-widget-tinymce textwidget\">\n\t<div class=\"siteorigin-widget-tinymce textwidget\">\n<p>Largo do Toural, 116,4810 \u2013 427 Guimar\u00e3es, Portugal<\/p>\n<p><i class=\"ion-ios-telephone\"><\/i> <a href=\"tel:+351253540640\">(+351) 253 540 640 (Llamada a la red fija nacional)<\/a><\/p>\n<p>&nbsp;<\/p>\n<p><i class=\"ion-ios-email-outline\"><\/i> <a href=\"mailto:geral.guimaraes@emajboutiquehotel.com\">geral.guimaraes@emajboutiquehotel.com<\/a><\/p>\n<p>&nbsp;<\/p>\n<p>RNET 4797<\/p>\n<p>&nbsp;<\/p>\n<\/div>\n<\/div>\n<\/div><\/div><\/div><\/div><\/div>","protected":false},"excerpt":{"rendered":"<p>Situado en la plaza principal de la ciudad &#8211; Largo do Toural, declarado Patrimonio de la Humanidad por la UNESCO, situado en la principal zona comercial, junto al comercio tradicional. 900m andando de la estaci\u00f3n de tren CP, 650m andando de la estaci\u00f3n de autobuses y 35 minutos en coche del aeropuerto Francisco S\u00e1 Carneiro [&hellip;]<\/p>\n","protected":false},"author":1,"featured_media":0,"parent":0,"menu_order":0,"comment_status":"closed","ping_status":"closed","template":"","meta":[],"aioseo_notices":[],"_links":{"self":[{"href":"https:\/\/www.emajboutiquehotel.com\/es\/wp-json\/wp\/v2\/pages\/4559"}],"collection":[{"href":"https:\/\/www.emajboutiquehotel.com\/es\/wp-json\/wp\/v2\/pages"}],"about":[{"href":"https:\/\/www.emajboutiquehotel.com\/es\/wp-json\/wp\/v2\/types\/page"}],"author":[{"embeddable":true,"href":"https:\/\/www.emajboutiquehotel.com\/es\/wp-json\/wp\/v2\/users\/1"}],"replies":[{"embeddable":true,"href":"https:\/\/www.emajboutiquehotel.com\/es\/wp-json\/wp\/v2\/comments?post=4559"}],"version-history":[{"count":25,"href":"https:\/\/www.emajboutiquehotel.com\/es\/wp-json\/wp\/v2\/pages\/4559\/revisions"}],"predecessor-version":[{"id":7767,"href":"https:\/\/www.emajboutiquehotel.com\/es\/wp-json\/wp\/v2\/pages\/4559\/revisions\/7767"}],"wp:attachment":[{"href":"https:\/\/www.emajboutiquehotel.com\/es\/wp-json\/wp\/v2\/media?parent=4559"}],"curies":[{"name":"wp","href":"https:\/\/api.w.org\/{rel}","templated":true}]}}