{"id":4599,"date":"2021-08-13T10:27:44","date_gmt":"2021-08-13T10:27:44","guid":{"rendered":"https:\/\/emajboutiquehotel.e-gdsbookingsuite.com\/?page_id=4599"},"modified":"2023-02-05T15:45:43","modified_gmt":"2023-02-05T15:45:43","slug":"habitaciones","status":"publish","type":"page","link":"https:\/\/www.emajboutiquehotel.com\/es\/habitaciones\/","title":{"rendered":"Habitaciones"},"content":{"rendered":"<div id=\"pl-4599\"  class=\"panel-layout\" ><div id=\"pg-4599-0\"  class=\"panel-grid panel-no-style\" ><div id=\"pgc-4599-0-0\"  class=\"panel-grid-cell\" ><div id=\"panel-4599-0-0-0\" class=\"so-panel widget widget_hb_widget_carousel panel-first-child panel-last-child\" data-index=\"0\" ><div id=\"hotel_booking_slider_69e1071780ebc\" class=\"hb_room_carousel_container tp-hotel-booking\">\n\t\t\t<h3>Habitaciones<\/h3>\n\t\t<!--navigation-->\n\t\t<!--pagination-->\n\t\t\t<div class=\"pagination\"><\/div>\n\t\t<!--text_link-->\n\t\t<div class=\"hb_room_carousel\">\n\t\t<ul class=\"rooms owl-carousel tp-hotel-booking hb-catalog-column-4\">\n\t\t\t\n\t\t\t\t<li id=\"room-5087\" class=\"post-5087 hb_room type-hb_room status-publish has-post-thumbnail hentry\">\n\n\t\t\t\t\t\n\t\t\t\t\t<div class=\"summary entry-summary\">\n\n\t\t\t\t\t\t\n<div class=\"media\">\n\t<img src=\"https:\/\/www.emajboutiquehotel.com\/wp-content\/uploads\/2021\/08\/suite-penthouse-270x270.jpg\" width=\"270\" height=\"270\" alt=\"Su\u00edte Penthouse\"\/>\t<div class=\"actions\">\n\t\t<div class=\"action-btn\">\n\t\t\t<a href=\"https:\/\/www.emajboutiquehotel.com\/es\/room\/suite-penthouse-en-guimaraes\/\" class=\"button readmore\">\n\t\t\t\tM\u00e1s informaci\u00f3n\t\t\t<\/a>\n\t\t<\/div>\n\t<\/div>\n<\/div>\t\t\t\t\t\t<div class=\"content-room\">\n\t\t\t\t\t\t\t<div class=\"title-room\">\n\t\t\t\t\t\t\t\t\n<div class=\"title\">\n    <h4>\n        <a href=\"https:\/\/www.emajboutiquehotel.com\/es\/room\/suite-penthouse-en-guimaraes\/\">Suite Penthouse<\/a>\n    <\/h4>\n<\/div>\n\t\t\t\t\t\t\t<\/div>\n\t\t\t\t\t\t\t<div class=\"description\"><p>Con una vista privilegiada de Largo do Toural, la Suite Penthouse es una habitaci\u00f3n grande con una cama king-size y una tumbona para relajarse. <\/p><\/div>\t\t\t\t\t\t<\/div>\n\n\t\t\t\t\t\t\n<div class=\"footer-content-room\">\n\t\n\t\t<div class=\"price\">\n\t\t\t<span class=\"title-price\">Price<\/span>\n\n\t\t\t\t\t\t\t<span class=\"price_value price_min\">\n\t            &euro;0.0<span class=\"unit\">night<\/span>\n            <\/span>\n\t\t\t\n\t\t<\/div>\n\t\n\t<div class=\"actions\">\n\t\t<div class=\"action-btn\">\n\t\t\t<a href=\"https:\/\/www.emajboutiquehotel.com\/es\/room\/suite-penthouse-en-guimaraes\/\" class=\"button readmore\">\n\t\t\t\tM\u00e1s informaci\u00f3n\t\t\t<\/a>\n\t\t<\/div>\n\t<\/div>\n<\/div>\t\t\t\t\t<\/div><!-- .summary -->\n\n\t\t\t\t\t\n\t\t\t\t<\/li>\n\n\t\t\t\n\t\t\t\t<li id=\"room-5079\" class=\"post-5079 hb_room type-hb_room status-publish has-post-thumbnail hentry\">\n\n\t\t\t\t\t\n\t\t\t\t\t<div class=\"summary entry-summary\">\n\n\t\t\t\t\t\t\n<div class=\"media\">\n\t<img src=\"https:\/\/www.emajboutiquehotel.com\/wp-content\/uploads\/2021\/08\/quarto-azul-270x270.jpg\" width=\"270\" height=\"270\" alt=\"Quarto Azul\"\/>\t<div class=\"actions\">\n\t\t<div class=\"action-btn\">\n\t\t\t<a href=\"https:\/\/www.emajboutiquehotel.com\/es\/room\/habitacion-doble-deluxe-en-guimaraes-potugal\/\" class=\"button readmore\">\n\t\t\t\tM\u00e1s informaci\u00f3n\t\t\t<\/a>\n\t\t<\/div>\n\t<\/div>\n<\/div>\t\t\t\t\t\t<div class=\"content-room\">\n\t\t\t\t\t\t\t<div class=\"title-room\">\n\t\t\t\t\t\t\t\t\n<div class=\"title\">\n    <h4>\n        <a href=\"https:\/\/www.emajboutiquehotel.com\/es\/room\/habitacion-doble-deluxe-en-guimaraes-potugal\/\">Habitaci\u00f3n Doble Deluxe<\/a>\n    <\/h4>\n<\/div>\n\t\t\t\t\t\t\t<\/div>\n\t\t\t\t\t\t\t<div class=\"description\"><p>Ubicado en el ala cl\u00e1sica o en el ala moderna, puede disfrutar de una hermosa vista sobre Largo do Toural o una calle hist\u00f3rica adyacente al hotel.<\/p><\/div>\t\t\t\t\t\t<\/div>\n\n\t\t\t\t\t\t\n<div class=\"footer-content-room\">\n\t\n\t\t<div class=\"price\">\n\t\t\t<span class=\"title-price\">Price<\/span>\n\n\t\t\t\t\t\t\t<span class=\"price_value price_min\">\n\t            &euro;0.0<span class=\"unit\">night<\/span>\n            <\/span>\n\t\t\t\n\t\t<\/div>\n\t\n\t<div class=\"actions\">\n\t\t<div class=\"action-btn\">\n\t\t\t<a href=\"https:\/\/www.emajboutiquehotel.com\/es\/room\/habitacion-doble-deluxe-en-guimaraes-potugal\/\" class=\"button readmore\">\n\t\t\t\tM\u00e1s informaci\u00f3n\t\t\t<\/a>\n\t\t<\/div>\n\t<\/div>\n<\/div>\t\t\t\t\t<\/div><!-- .summary -->\n\n\t\t\t\t\t\n\t\t\t\t<\/li>\n\n\t\t\t\n\t\t\t\t<li id=\"room-5074\" class=\"post-5074 hb_room type-hb_room status-publish has-post-thumbnail hentry\">\n\n\t\t\t\t\t\n\t\t\t\t\t<div class=\"summary entry-summary\">\n\n\t\t\t\t\t\t\n<div class=\"media\">\n\t<img src=\"https:\/\/www.emajboutiquehotel.com\/wp-content\/uploads\/2021\/08\/quarto_individual-scaled-270x270.jpg\" width=\"270\" height=\"270\" alt=\"Individual \"\/>\t<div class=\"actions\">\n\t\t<div class=\"action-btn\">\n\t\t\t<a href=\"https:\/\/www.emajboutiquehotel.com\/es\/room\/habitacion-individual-en-guimaraes\/\" class=\"button readmore\">\n\t\t\t\tM\u00e1s informaci\u00f3n\t\t\t<\/a>\n\t\t<\/div>\n\t<\/div>\n<\/div>\t\t\t\t\t\t<div class=\"content-room\">\n\t\t\t\t\t\t\t<div class=\"title-room\">\n\t\t\t\t\t\t\t\t\n<div class=\"title\">\n    <h4>\n        <a href=\"https:\/\/www.emajboutiquehotel.com\/es\/room\/habitacion-individual-en-guimaraes\/\">Habitaci\u00f3n individual<\/a>\n    <\/h4>\n<\/div>\n\t\t\t\t\t\t\t<\/div>\n\t\t\t\t\t\t\t<div class=\"description\"><p>Son nuestro s\u00edmbolo de contemporaneidad, un desaf\u00edo a la historia del edificio y un contraste con lo cl\u00e1sico. <\/p><\/div>\t\t\t\t\t\t<\/div>\n\n\t\t\t\t\t\t\n<div class=\"footer-content-room\">\n\t\n\t\t<div class=\"price\">\n\t\t\t<span class=\"title-price\">Price<\/span>\n\n\t\t\t\t\t\t\t<span class=\"price_value price_min\">\n\t            &euro;0.0<span class=\"unit\">night<\/span>\n            <\/span>\n\t\t\t\n\t\t<\/div>\n\t\n\t<div class=\"actions\">\n\t\t<div class=\"action-btn\">\n\t\t\t<a href=\"https:\/\/www.emajboutiquehotel.com\/es\/room\/habitacion-individual-en-guimaraes\/\" class=\"button readmore\">\n\t\t\t\tM\u00e1s informaci\u00f3n\t\t\t<\/a>\n\t\t<\/div>\n\t<\/div>\n<\/div>\t\t\t\t\t<\/div><!-- .summary -->\n\n\t\t\t\t\t\n\t\t\t\t<\/li>\n\n\t\t\t\n\t\t\t\t<li id=\"room-5068\" class=\"post-5068 hb_room type-hb_room status-publish has-post-thumbnail hentry\">\n\n\t\t\t\t\t\n\t\t\t\t\t<div class=\"summary entry-summary\">\n\n\t\t\t\t\t\t\n<div class=\"media\">\n\t<img src=\"https:\/\/www.emajboutiquehotel.com\/wp-content\/uploads\/2015\/10\/XT5R0402_Easy-Resize.com_-270x270.jpg\" width=\"270\" height=\"270\" alt=\"duplo-superior\"\/>\t<div class=\"actions\">\n\t\t<div class=\"action-btn\">\n\t\t\t<a href=\"https:\/\/www.emajboutiquehotel.com\/es\/room\/habitacion-doble-o-twin-superior-en-guimaraes\/\" class=\"button readmore\">\n\t\t\t\tM\u00e1s informaci\u00f3n\t\t\t<\/a>\n\t\t<\/div>\n\t<\/div>\n<\/div>\t\t\t\t\t\t<div class=\"content-room\">\n\t\t\t\t\t\t\t<div class=\"title-room\">\n\t\t\t\t\t\t\t\t\n<div class=\"title\">\n    <h4>\n        <a href=\"https:\/\/www.emajboutiquehotel.com\/es\/room\/habitacion-doble-o-twin-superior-en-guimaraes\/\">Habitaci\u00f3n doble o twin superior<\/a>\n    <\/h4>\n<\/div>\n\t\t\t\t\t\t\t<\/div>\n\t\t\t\t\t\t\t<div class=\"description\"><p>Ubicadas en nuestra ala moderna, estas habitaciones son un s\u00edmbolo de contemporaneidad, un desaf\u00edo a la historia del edificio y un contraste con lo cl\u00e1sico.<\/p><\/div>\t\t\t\t\t\t<\/div>\n\n\t\t\t\t\t\t\n<div class=\"footer-content-room\">\n\t\n\t\t<div class=\"price\">\n\t\t\t<span class=\"title-price\">Price<\/span>\n\n\t\t\t\t\t\t\t<span class=\"price_value price_min\">\n\t            &euro;0.0<span class=\"unit\">night<\/span>\n            <\/span>\n\t\t\t\n\t\t<\/div>\n\t\n\t<div class=\"actions\">\n\t\t<div class=\"action-btn\">\n\t\t\t<a href=\"https:\/\/www.emajboutiquehotel.com\/es\/room\/habitacion-doble-o-twin-superior-en-guimaraes\/\" class=\"button readmore\">\n\t\t\t\tM\u00e1s informaci\u00f3n\t\t\t<\/a>\n\t\t<\/div>\n\t<\/div>\n<\/div>\t\t\t\t\t<\/div><!-- .summary -->\n\n\t\t\t\t\t\n\t\t\t\t<\/li>\n\n\t\t\t\t\t<\/ul>\n\n\t\t\n\t<\/div>\n<\/div>\n<script type=\"text\/javascript\">\n\t(function ($) {\n\t\t\"use strict\";\n\t\t$(document).ready(function () {\n\t\t\tvar thimpress_hotel_booking_carousel = $('#hotel_booking_slider_69e1071780ebc .hb_room_carousel .rooms');\n\t\t\tthimpress_hotel_booking_carousel.owlCarousel({\n\t\t\t\tnav               : false,\n\t\t\t\tdots              : true,\n\t\t\t\titems             : 4,\n\t\t\t\tdotsSpeed         : 600,\n\t\t\t\tsmartSpeed        : 600,\n\t\t\t\tautoplay          : true,\n\t\t\t\tautoplayHoverPause: true,\n\t\t\t\tloop              : true,\n\t\t\t\tresponsive        : {\n\t\t\t\t\t\/\/ breakpoint from 0 up\n\t\t\t\t\t0   : {\n\t\t\t\t\t\titems: 1\n\t\t\t\t\t},\n\t\t\t\t\t\/\/ breakpoint from 480 up\n\t\t\t\t\t480 : {\n\t\t\t\t\t\titems: 1\n\t\t\t\t\t},\n\t\t\t\t\t\/\/ breakpoint from 768 up\n\t\t\t\t\t768 : {\n\t\t\t\t\t\titems: 2\n\t\t\t\t\t},\n\t\t\t\t\t\/\/ breakpoint from 1024 up\n\t\t\t\t\t1024: {\n\t\t\t\t\t\titems: 4\t\t\t\t\t}\n\t\t\t\t}\n\t\t\t});\n\t\t\t\/\/ next\n\t\t\t$('#hotel_booking_slider_69e1071780ebc .navigation .next').click(function () {\n\t\t\t\tthimpress_hotel_booking_carousel.trigger('next.owl.carousel');\n\t\t\t});\n\t\t\t\/\/ prev\n\t\t\t$('#hotel_booking_slider_69e1071780ebc .navigation .prev').click(function () {\n\t\t\t\tthimpress_hotel_booking_carousel.trigger('prev.owl.carousel');\n\t\t\t});\n\t\t});\n\t})(jQuery);\n<\/script><\/div><\/div><\/div><\/div>","protected":false},"excerpt":{"rendered":"<p>Doble Ubicadas en nuestra ala moderna, estas habitaciones son un s\u00edmbolo de contemporaneidad, un desaf\u00edo a la historia del edificio y un contraste con lo cl\u00e1sico. Fueron dise\u00f1adas para la comodidad de su estad\u00eda, contando con caja fuerte, aire acondicionado, secador de pelo, art\u00edculos de tocador, toallas de alta calidad, ducha o ba\u00f1era, Smart TV, <\/p>\n","protected":false},"author":1,"featured_media":0,"parent":0,"menu_order":0,"comment_status":"closed","ping_status":"closed","template":"","meta":[],"aioseo_notices":[],"_links":{"self":[{"href":"https:\/\/www.emajboutiquehotel.com\/es\/wp-json\/wp\/v2\/pages\/4599"}],"collection":[{"href":"https:\/\/www.emajboutiquehotel.com\/es\/wp-json\/wp\/v2\/pages"}],"about":[{"href":"https:\/\/www.emajboutiquehotel.com\/es\/wp-json\/wp\/v2\/types\/page"}],"author":[{"embeddable":true,"href":"https:\/\/www.emajboutiquehotel.com\/es\/wp-json\/wp\/v2\/users\/1"}],"replies":[{"embeddable":true,"href":"https:\/\/www.emajboutiquehotel.com\/es\/wp-json\/wp\/v2\/comments?post=4599"}],"version-history":[{"count":8,"href":"https:\/\/www.emajboutiquehotel.com\/es\/wp-json\/wp\/v2\/pages\/4599\/revisions"}],"predecessor-version":[{"id":5482,"href":"https:\/\/www.emajboutiquehotel.com\/es\/wp-json\/wp\/v2\/pages\/4599\/revisions\/5482"}],"wp:attachment":[{"href":"https:\/\/www.emajboutiquehotel.com\/es\/wp-json\/wp\/v2\/media?parent=4599"}],"curies":[{"name":"wp","href":"https:\/\/api.w.org\/{rel}","templated":true}]}}