{"id":5873,"date":"2023-02-16T07:01:44","date_gmt":"2023-02-16T07:01:44","guid":{"rendered":"https:\/\/www.emajboutiquehotel.com\/?page_id=5873"},"modified":"2023-02-28T14:34:39","modified_gmt":"2023-02-28T14:34:39","slug":"desayuno-guimaraes-portugal","status":"publish","type":"page","link":"https:\/\/www.emajboutiquehotel.com\/es\/desayuno-guimaraes-portugal\/","title":{"rendered":"Desayuno"},"content":{"rendered":"<p>Desayuno en Emaj :).<\/p>\n<p>Desayuno en Emaj empieza de la forma m\u00e1s agradable posible. Por eso, en EMAJ nos gusta brindarte un delicioso e inolvidable desayuno, para que tu experiencia en nuestro hotel sea m\u00e1s personalizada y placentera.<\/p>\n<p>&nbsp;<\/p>\n<p>Emaj se define como un hotel de encanto cl\u00e1sico, que busca sus ra\u00edces en la elegancia de la hospitalidad. Nacida de un edificio hist\u00f3rico y personalizado, EMAJ quiere dejar huella.<\/p>\n<p>&nbsp;<\/p>\n<p>Redes sociales:<\/p>\n<p><a href=\"https:\/\/www.facebook.com\/EMAJBoutiqueHotel\">emaj boutique hotel &#8211; facebook<\/a><\/p>\n<p><a href=\"https:\/\/www.instagram.com\/emajboutiquehotel\/?next=%2F\">emaj boutique hotel &#8211; instagram<\/a><\/p>\n<p><a href=\"https:\/\/www.emajboutiquehotel.com\/\">emaj boutique hotel &#8211; site<\/a><\/p>\n<div id='gallery-1' class='gallery galleryid-5873 gallery-columns-4 gallery-size-thumbnail'><figure class='gallery-item'>\n\t\t\t<div class='gallery-icon landscape'>\n\t\t\t\t<a href='https:\/\/www.emajboutiquehotel.com\/es\/desayuno-guimaraes\/crepe-2\/'><img width=\"150\" height=\"150\" src=\"https:\/\/www.emajboutiquehotel.com\/wp-content\/uploads\/2023\/02\/crepe-150x150.jpg\" class=\"attachment-thumbnail size-thumbnail\" alt=\"\" loading=\"lazy\" aria-describedby=\"gallery-1-5674\" \/><\/a>\n\t\t\t<\/div>\n\t\t\t\t<figcaption class='wp-caption-text gallery-caption' id='gallery-1-5674'>\n\t\t\t\tdesayuno\n\t\t\t\t<\/figcaption><\/figure><figure class='gallery-item'>\n\t\t\t<div class='gallery-icon landscape'>\n\t\t\t\t<a href='https:\/\/www.emajboutiquehotel.com\/es\/desayuno-guimaraes\/quiche-2\/'><img width=\"150\" height=\"150\" src=\"https:\/\/www.emajboutiquehotel.com\/wp-content\/uploads\/2023\/02\/Quiche-150x150.jpg\" class=\"attachment-thumbnail size-thumbnail\" alt=\"\" loading=\"lazy\" aria-describedby=\"gallery-1-5671\" \/><\/a>\n\t\t\t<\/div>\n\t\t\t\t<figcaption class='wp-caption-text gallery-caption' id='gallery-1-5671'>\n\t\t\t\tdesayuno\n\t\t\t\t<\/figcaption><\/figure><figure class='gallery-item'>\n\t\t\t<div class='gallery-icon landscape'>\n\t\t\t\t<a href='https:\/\/www.emajboutiquehotel.com\/es\/desayuno-guimaraes\/omelete-mista-2\/'><img width=\"150\" height=\"150\" src=\"https:\/\/www.emajboutiquehotel.com\/wp-content\/uploads\/2023\/02\/omelete-mista-150x150.jpg\" class=\"attachment-thumbnail size-thumbnail\" alt=\"\" loading=\"lazy\" aria-describedby=\"gallery-1-5668\" \/><\/a>\n\t\t\t<\/div>\n\t\t\t\t<figcaption class='wp-caption-text gallery-caption' id='gallery-1-5668'>\n\t\t\t\tdesayuno\n\t\t\t\t<\/figcaption><\/figure><figure class='gallery-item'>\n\t\t\t<div class='gallery-icon landscape'>\n\t\t\t\t<a href='https:\/\/www.emajboutiquehotel.com\/es\/desayuno-guimaraes\/muffi-2\/'><img width=\"150\" height=\"150\" src=\"https:\/\/www.emajboutiquehotel.com\/wp-content\/uploads\/2023\/02\/muffi..-150x150.jpg\" class=\"attachment-thumbnail size-thumbnail\" alt=\"\" loading=\"lazy\" aria-describedby=\"gallery-1-5521\" \/><\/a>\n\t\t\t<\/div>\n\t\t\t\t<figcaption class='wp-caption-text gallery-caption' id='gallery-1-5521'>\n\t\t\t\tdesayuno \n\t\t\t\t<\/figcaption><\/figure><figure class='gallery-item'>\n\t\t\t<div class='gallery-icon portrait'>\n\t\t\t\t<a href='https:\/\/www.emajboutiquehotel.com\/es\/desayuno-guimaraes\/panquecas-2\/'><img width=\"150\" height=\"150\" src=\"https:\/\/www.emajboutiquehotel.com\/wp-content\/uploads\/2023\/02\/panquecas-....-150x150.jpg\" class=\"attachment-thumbnail size-thumbnail\" alt=\"\" loading=\"lazy\" aria-describedby=\"gallery-1-5361\" \/><\/a>\n\t\t\t<\/div>\n\t\t\t\t<figcaption class='wp-caption-text gallery-caption' id='gallery-1-5361'>\n\t\t\t\tdesayuno\n\t\t\t\t<\/figcaption><\/figure><figure class='gallery-item'>\n\t\t\t<div class='gallery-icon portrait'>\n\t\t\t\t<a href='https:\/\/www.emajboutiquehotel.com\/es\/desayuno-guimaraes\/panquecas-2-2\/'><img width=\"150\" height=\"150\" src=\"https:\/\/www.emajboutiquehotel.com\/wp-content\/uploads\/2023\/02\/Panquecas-150x150.jpg\" class=\"attachment-thumbnail size-thumbnail\" alt=\"\" loading=\"lazy\" aria-describedby=\"gallery-1-5364\" \/><\/a>\n\t\t\t<\/div>\n\t\t\t\t<figcaption class='wp-caption-text gallery-caption' id='gallery-1-5364'>\n\t\t\t\tdesayuno \n\t\t\t\t<\/figcaption><\/figure><figure class='gallery-item'>\n\t\t\t<div class='gallery-icon portrait'>\n\t\t\t\t<a href='https:\/\/www.emajboutiquehotel.com\/es\/desayuno-guimaraes\/bolo-de-chocolate-2\/'><img width=\"150\" height=\"150\" src=\"https:\/\/www.emajboutiquehotel.com\/wp-content\/uploads\/2023\/02\/Bolo-de-chocolate-150x150.jpg\" class=\"attachment-thumbnail size-thumbnail\" alt=\"\" loading=\"lazy\" aria-describedby=\"gallery-1-5368\" \/><\/a>\n\t\t\t<\/div>\n\t\t\t\t<figcaption class='wp-caption-text gallery-caption' id='gallery-1-5368'>\n\t\t\t\tdesayuno \n\t\t\t\t<\/figcaption><\/figure><figure class='gallery-item'>\n\t\t\t<div class='gallery-icon portrait'>\n\t\t\t\t<a href='https:\/\/www.emajboutiquehotel.com\/es\/desayuno-guimaraes\/omelate-2\/'><img width=\"150\" height=\"150\" src=\"https:\/\/www.emajboutiquehotel.com\/wp-content\/uploads\/2023\/02\/Omelate-150x150.jpg\" class=\"attachment-thumbnail size-thumbnail\" alt=\"\" loading=\"lazy\" aria-describedby=\"gallery-1-5371\" \/><\/a>\n\t\t\t<\/div>\n\t\t\t\t<figcaption class='wp-caption-text gallery-caption' id='gallery-1-5371'>\n\t\t\t\tdesayuno \n\t\t\t\t<\/figcaption><\/figure><figure class='gallery-item'>\n\t\t\t<div class='gallery-icon landscape'>\n\t\t\t\t<a href='https:\/\/www.emajboutiquehotel.com\/es\/desayuno-guimaraes-portugal\/img_0149-2\/'><img width=\"150\" height=\"150\" src=\"https:\/\/www.emajboutiquehotel.com\/wp-content\/uploads\/2023\/02\/IMG_0149-150x150.jpg\" class=\"attachment-thumbnail size-thumbnail\" alt=\"\" loading=\"lazy\" aria-describedby=\"gallery-1-6080\" \/><\/a>\n\t\t\t<\/div>\n\t\t\t\t<figcaption class='wp-caption-text gallery-caption' id='gallery-1-6080'>\n\t\t\t\tdesayuno\n\t\t\t\t<\/figcaption><\/figure><figure class='gallery-item'>\n\t\t\t<div class='gallery-icon landscape'>\n\t\t\t\t<a href='https:\/\/www.emajboutiquehotel.com\/es\/img_0148-2\/'><img width=\"150\" height=\"150\" src=\"https:\/\/www.emajboutiquehotel.com\/wp-content\/uploads\/2023\/02\/IMG_0148-150x150.jpg\" class=\"attachment-thumbnail size-thumbnail\" alt=\"\" loading=\"lazy\" aria-describedby=\"gallery-1-6077\" \/><\/a>\n\t\t\t<\/div>\n\t\t\t\t<figcaption class='wp-caption-text gallery-caption' id='gallery-1-6077'>\n\t\t\t\tdesayuno\n\t\t\t\t<\/figcaption><\/figure><figure class='gallery-item'>\n\t\t\t<div class='gallery-icon landscape'>\n\t\t\t\t<a href='https:\/\/www.emajboutiquehotel.com\/es\/img_0147-2\/'><img width=\"150\" height=\"150\" src=\"https:\/\/www.emajboutiquehotel.com\/wp-content\/uploads\/2023\/02\/IMG_0147-150x150.jpg\" class=\"attachment-thumbnail size-thumbnail\" alt=\"Pequeno Almo\u00e7o\" loading=\"lazy\" aria-describedby=\"gallery-1-6074\" \/><\/a>\n\t\t\t<\/div>\n\t\t\t\t<figcaption class='wp-caption-text gallery-caption' id='gallery-1-6074'>\n\t\t\t\tdesayuno \n\t\t\t\t<\/figcaption><\/figure><figure class='gallery-item'>\n\t\t\t<div class='gallery-icon landscape'>\n\t\t\t\t<a href='https:\/\/www.emajboutiquehotel.com\/es\/img_0146-2\/'><img width=\"150\" height=\"150\" src=\"https:\/\/www.emajboutiquehotel.com\/wp-content\/uploads\/2023\/02\/IMG_0146-150x150.jpg\" class=\"attachment-thumbnail size-thumbnail\" alt=\"\" loading=\"lazy\" aria-describedby=\"gallery-1-6071\" \/><\/a>\n\t\t\t<\/div>\n\t\t\t\t<figcaption class='wp-caption-text gallery-caption' id='gallery-1-6071'>\n\t\t\t\tdesayuno\n\t\t\t\t<\/figcaption><\/figure><figure class='gallery-item'>\n\t\t\t<div class='gallery-icon portrait'>\n\t\t\t\t<a href='https:\/\/www.emajboutiquehotel.com\/es\/desayuno-guimaraes-portugal\/pequeno-almoco-3\/'><img width=\"150\" height=\"150\" src=\"https:\/\/www.emajboutiquehotel.com\/wp-content\/uploads\/2023\/02\/Pequeno-almoco-1-150x150.jpg\" class=\"attachment-thumbnail size-thumbnail\" alt=\"\" loading=\"lazy\" aria-describedby=\"gallery-1-6180\" \/><\/a>\n\t\t\t<\/div>\n\t\t\t\t<figcaption class='wp-caption-text gallery-caption' id='gallery-1-6180'>\n\t\t\t\tdesayuno \n\t\t\t\t<\/figcaption><\/figure><figure class='gallery-item'>\n\t\t\t<div class='gallery-icon portrait'>\n\t\t\t\t<a href='https:\/\/www.emajboutiquehotel.com\/es\/desayuno-guimaraes-portugal\/pequeno-almoco\/'><img width=\"150\" height=\"150\" src=\"https:\/\/www.emajboutiquehotel.com\/wp-content\/uploads\/2023\/02\/Pequeno-almoco.-1-150x150.jpg\" class=\"attachment-thumbnail size-thumbnail\" alt=\"\" loading=\"lazy\" aria-describedby=\"gallery-1-6177\" \/><\/a>\n\t\t\t<\/div>\n\t\t\t\t<figcaption class='wp-caption-text gallery-caption' id='gallery-1-6177'>\n\t\t\t\tdesayuno\n\t\t\t\t<\/figcaption><\/figure>\n\t\t<\/div>\n\n","protected":false},"excerpt":{"rendered":"<p>Desayuno en Emaj :).<br \/>\nDesayuno en Emaj empieza de la forma m\u00e1s agradable posible. Por eso, en EMAJ nos gusta brindarte un delicioso e inolvidable desayuno, para que tu experiencia en nuestro hotel sea m\u00e1s personalizada y placentera.<br \/>\n&nbsp;<br \/>\nEmaj se define como un hotel de encanto cl\u00e1sico, que busca sus ra\u00edces en la elegancia <\/p>\n","protected":false},"author":3,"featured_media":0,"parent":0,"menu_order":0,"comment_status":"closed","ping_status":"closed","template":"","meta":[],"aioseo_notices":[],"_links":{"self":[{"href":"https:\/\/www.emajboutiquehotel.com\/es\/wp-json\/wp\/v2\/pages\/5873"}],"collection":[{"href":"https:\/\/www.emajboutiquehotel.com\/es\/wp-json\/wp\/v2\/pages"}],"about":[{"href":"https:\/\/www.emajboutiquehotel.com\/es\/wp-json\/wp\/v2\/types\/page"}],"author":[{"embeddable":true,"href":"https:\/\/www.emajboutiquehotel.com\/es\/wp-json\/wp\/v2\/users\/3"}],"replies":[{"embeddable":true,"href":"https:\/\/www.emajboutiquehotel.com\/es\/wp-json\/wp\/v2\/comments?post=5873"}],"version-history":[{"count":13,"href":"https:\/\/www.emajboutiquehotel.com\/es\/wp-json\/wp\/v2\/pages\/5873\/revisions"}],"predecessor-version":[{"id":6183,"href":"https:\/\/www.emajboutiquehotel.com\/es\/wp-json\/wp\/v2\/pages\/5873\/revisions\/6183"}],"wp:attachment":[{"href":"https:\/\/www.emajboutiquehotel.com\/es\/wp-json\/wp\/v2\/media?parent=5873"}],"curies":[{"name":"wp","href":"https:\/\/api.w.org\/{rel}","templated":true}]}}